{"id":2775,"date":"2026-04-15T17:33:10","date_gmt":"2026-04-15T17:33:10","guid":{"rendered":"https:\/\/soft-spot.pt\/?page_id=2775"},"modified":"2026-04-15T18:10:45","modified_gmt":"2026-04-15T18:10:45","slug":"contactos","status":"publish","type":"page","link":"https:\/\/soft-spot.pt\/en\/contactos\/","title":{"rendered":"Contacts"},"content":{"rendered":"<style>.elementor-2775 .elementor-element.elementor-element-d8cfa4b{--display:flex;--flex-direction:column;--container-widget-width:100%;--container-widget-height:initial;--container-widget-flex-grow:0;--container-widget-align-self:initial;--flex-wrap-mobile:wrap;}.elementor-2775 .elementor-element.elementor-element-d8cfa4b:not(.elementor-motion-effects-element-type-background), .elementor-2775 .elementor-element.elementor-element-d8cfa4b > .elementor-motion-effects-container > .elementor-motion-effects-layer{background-color:var( --e-global-color-f389066 );}.elementor-2775 .elementor-element.elementor-element-234a48d{--display:flex;--justify-content:center;--align-items:center;--container-widget-width:calc( ( 1 - var( --container-widget-flex-grow ) ) * 100% );}.elementor-2775 .elementor-element.elementor-element-234a48d.e-con{--align-self:center;}.elementor-widget-heading .elementor-heading-title{font-family:var( --e-global-typography-primary-font-family ), Sans-serif;font-weight:var( --e-global-typography-primary-font-weight );color:var( --e-global-color-primary );}.elementor-2775 .elementor-element.elementor-element-f36e3e5 .elementor-heading-title{color:var( --e-global-color-a2d4ce5 );}.elementor-2775 .elementor-element.elementor-element-c164b66{--display:grid;--e-con-grid-template-columns:repeat(2, 1fr);--e-con-grid-template-rows:repeat(1, 1fr);--grid-auto-flow:row;--margin-top:50px;--margin-bottom:100px;--margin-left:0px;--margin-right:0px;}.elementor-2775 .elementor-element.elementor-element-c164b66.e-con{--flex-grow:0;--flex-shrink:0;}.elementor-2775 .elementor-element.elementor-element-2877514{--display:flex;--justify-content:center;--align-items:flex-start;--container-widget-width:calc( ( 1 - var( --container-widget-flex-grow ) ) * 100% );--margin-top:20px;--margin-bottom:20px;--margin-left:20px;--margin-right:20px;}.elementor-2775 .elementor-element.elementor-element-2877514.e-con{--align-self:flex-start;}.elementor-widget-icon-list .elementor-icon-list-item:not(:last-child):after{border-color:var( --e-global-color-text );}.elementor-widget-icon-list .elementor-icon-list-icon i{color:var( --e-global-color-primary );}.elementor-widget-icon-list .elementor-icon-list-icon svg{fill:var( --e-global-color-primary );}.elementor-widget-icon-list .elementor-icon-list-item > .elementor-icon-list-text, .elementor-widget-icon-list .elementor-icon-list-item > a{font-family:var( --e-global-typography-text-font-family ), Sans-serif;font-weight:var( --e-global-typography-text-font-weight );}.elementor-widget-icon-list .elementor-icon-list-text{color:var( --e-global-color-secondary );}.elementor-2775 .elementor-element.elementor-element-a2f2e0e .elementor-icon-list-icon i{color:#000000;transition:color 0.3s;}.elementor-2775 .elementor-element.elementor-element-a2f2e0e .elementor-icon-list-icon svg{fill:#000000;transition:fill 0.3s;}.elementor-2775 .elementor-element.elementor-element-a2f2e0e{--e-icon-list-icon-size:14px;--icon-vertical-offset:0px;}.elementor-2775 .elementor-element.elementor-element-a2f2e0e .elementor-icon-list-text{color:#000000;transition:color 0.3s;}.elementor-2775 .elementor-element.elementor-element-a2f2e0e > .elementor-widget-container{margin:0px 0px 0px 0px;}.elementor-2775 .elementor-element.elementor-element-a2f2e0e.elementor-element{--align-self:flex-start;}.elementor-widget-text-editor{font-family:var( --e-global-typography-text-font-family ), Sans-serif;font-weight:var( --e-global-typography-text-font-weight );color:var( --e-global-color-text );}.elementor-widget-text-editor.elementor-drop-cap-view-stacked .elementor-drop-cap{background-color:var( --e-global-color-primary );}.elementor-widget-text-editor.elementor-drop-cap-view-framed .elementor-drop-cap, .elementor-widget-text-editor.elementor-drop-cap-view-default .elementor-drop-cap{color:var( --e-global-color-primary );border-color:var( --e-global-color-primary );}.elementor-2775 .elementor-element.elementor-element-945d9c4{font-family:\"Roboto\", Sans-serif;font-size:15px;font-weight:400;}.elementor-widget-form .elementor-field-group > label, .elementor-widget-form .elementor-field-subgroup label{color:var( --e-global-color-text );}.elementor-widget-form .elementor-field-group > label{font-family:var( --e-global-typography-text-font-family ), Sans-serif;font-weight:var( --e-global-typography-text-font-weight );}.elementor-widget-form .elementor-field-type-html{color:var( --e-global-color-text );font-family:var( --e-global-typography-text-font-family ), Sans-serif;font-weight:var( --e-global-typography-text-font-weight );}.elementor-widget-form .elementor-field-group .elementor-field{color:var( --e-global-color-text );}.elementor-widget-form .elementor-field-group .elementor-field, .elementor-widget-form .elementor-field-subgroup label{font-family:var( --e-global-typography-text-font-family ), Sans-serif;font-weight:var( --e-global-typography-text-font-weight );}.elementor-widget-form .elementor-button{font-family:var( --e-global-typography-accent-font-family ), Sans-serif;font-weight:var( --e-global-typography-accent-font-weight );}.elementor-widget-form .e-form__buttons__wrapper__button-next{background-color:var( --e-global-color-accent );}.elementor-widget-form .elementor-button[type=\"submit\"]{background-color:var( --e-global-color-accent );}.elementor-widget-form .e-form__buttons__wrapper__button-previous{background-color:var( --e-global-color-accent );}.elementor-widget-form .elementor-message{font-family:var( --e-global-typography-text-font-family ), Sans-serif;font-weight:var( --e-global-typography-text-font-weight );}.elementor-widget-form .e-form__indicators__indicator, .elementor-widget-form .e-form__indicators__indicator__label{font-family:var( --e-global-typography-accent-font-family ), Sans-serif;font-weight:var( --e-global-typography-accent-font-weight );}.elementor-widget-form{--e-form-steps-indicator-inactive-primary-color:var( --e-global-color-text );--e-form-steps-indicator-active-primary-color:var( --e-global-color-accent );--e-form-steps-indicator-completed-primary-color:var( --e-global-color-accent );--e-form-steps-indicator-progress-color:var( --e-global-color-accent );--e-form-steps-indicator-progress-background-color:var( --e-global-color-text );--e-form-steps-indicator-progress-meter-color:var( --e-global-color-text );}.elementor-widget-form .e-form__indicators__indicator__progress__meter{font-family:var( --e-global-typography-accent-font-family ), Sans-serif;font-weight:var( --e-global-typography-accent-font-weight );}.elementor-2775 .elementor-element.elementor-element-42b9c3e .elementor-field-group{padding-right:calc( 10px\/2 );padding-left:calc( 10px\/2 );margin-bottom:10px;}.elementor-2775 .elementor-element.elementor-element-42b9c3e .elementor-form-fields-wrapper{margin-left:calc( -10px\/2 );margin-right:calc( -10px\/2 );margin-bottom:-10px;}.elementor-2775 .elementor-element.elementor-element-42b9c3e .elementor-field-group.recaptcha_v3-bottomleft, .elementor-2775 .elementor-element.elementor-element-42b9c3e .elementor-field-group.recaptcha_v3-bottomright{margin-bottom:0;}.elementor-2775 .elementor-element.elementor-element-42b9c3e .elementor-field-type-html{padding-bottom:0px;}.elementor-2775 .elementor-element.elementor-element-42b9c3e .elementor-field-group .elementor-field:not(.elementor-select-wrapper){background-color:#ffffff;border-width:0px 0px 1px 0px;}.elementor-2775 .elementor-element.elementor-element-42b9c3e .elementor-field-group .elementor-select-wrapper select{background-color:#ffffff;border-width:0px 0px 1px 0px;}.elementor-2775 .elementor-element.elementor-element-42b9c3e .elementor-button{border-style:solid;border-width:1px 1px 1px 1px;}.elementor-2775 .elementor-element.elementor-element-42b9c3e .e-form__buttons__wrapper__button-next{background-color:var( --e-global-color-f389066 );color:#ffffff;}.elementor-2775 .elementor-element.elementor-element-42b9c3e .elementor-button[type=\"submit\"]{background-color:var( --e-global-color-f389066 );color:#ffffff;}.elementor-2775 .elementor-element.elementor-element-42b9c3e .elementor-button[type=\"submit\"] svg *{fill:#ffffff;}.elementor-2775 .elementor-element.elementor-element-42b9c3e .e-form__buttons__wrapper__button-previous{background-color:var( --e-global-color-f389066 );color:#ffffff;}.elementor-2775 .elementor-element.elementor-element-42b9c3e .e-form__buttons__wrapper__button-next:hover{background-color:var( --e-global-color-a2d4ce5 );color:var( --e-global-color-f389066 );border-color:var( --e-global-color-f389066 );}.elementor-2775 .elementor-element.elementor-element-42b9c3e .elementor-button[type=\"submit\"]:hover{background-color:var( --e-global-color-a2d4ce5 );color:var( --e-global-color-f389066 );border-color:var( --e-global-color-f389066 );}.elementor-2775 .elementor-element.elementor-element-42b9c3e .elementor-button[type=\"submit\"]:hover svg *{fill:var( --e-global-color-f389066 );}.elementor-2775 .elementor-element.elementor-element-42b9c3e .e-form__buttons__wrapper__button-previous:hover{color:#ffffff;}.elementor-2775 .elementor-element.elementor-element-42b9c3e{--e-form-steps-indicators-spacing:20px;--e-form-steps-indicator-padding:30px;--e-form-steps-indicator-inactive-secondary-color:#ffffff;--e-form-steps-indicator-active-secondary-color:#ffffff;--e-form-steps-indicator-completed-secondary-color:#ffffff;--e-form-steps-divider-width:1px;--e-form-steps-divider-gap:10px;width:var( --container-widget-width, 90% );max-width:90%;--container-widget-width:90%;--container-widget-flex-grow:0;}:root{--page-title-display:none;}@media(max-width:1024px){.elementor-2775 .elementor-element.elementor-element-c164b66{--grid-auto-flow:row;}}@media(min-width:768px){.elementor-2775 .elementor-element.elementor-element-c164b66{--width:100%;}.elementor-2775 .elementor-element.elementor-element-2877514{--width:80%;}}@media(max-width:767px){.elementor-2775 .elementor-element.elementor-element-c164b66{--e-con-grid-template-columns:repeat(1, 1fr);--grid-auto-flow:row;}}<\/style>\t\t<div data-elementor-type=\"wp-page\" data-elementor-id=\"2775\" class=\"elementor elementor-2775\" data-elementor-post-type=\"page\">\n\t\t\t\t<div class=\"elementor-element elementor-element-d8cfa4b e-flex e-con-boxed e-con e-parent\" data-id=\"d8cfa4b\" data-element_type=\"container\" data-e-type=\"container\" data-settings=\"{&quot;background_background&quot;:&quot;classic&quot;}\">\n\t\t\t\t\t<div class=\"e-con-inner\">\n\t\t<div class=\"elementor-element elementor-element-234a48d e-con-full e-flex e-con e-child\" data-id=\"234a48d\" data-element_type=\"container\" data-e-type=\"container\">\n\t\t\t\t<div class=\"elementor-element elementor-element-f36e3e5 elementor-widget elementor-widget-heading\" data-id=\"f36e3e5\" data-element_type=\"widget\" data-e-type=\"widget\" data-widget_type=\"heading.default\">\n\t\t\t\t<div class=\"elementor-widget-container\">\n\t\t\t\t\t<h1 class=\"elementor-heading-title elementor-size-default\">Fale connosco<\/h1>\t\t\t\t<\/div>\n\t\t\t\t<\/div>\n\t\t\t\t<\/div>\n\t\t\t\t\t<\/div>\n\t\t\t\t<\/div>\n\t\t<div class=\"elementor-element elementor-element-c164b66 e-grid e-con-full e-con e-parent\" data-id=\"c164b66\" data-element_type=\"container\" data-e-type=\"container\">\n\t\t<div class=\"elementor-element elementor-element-2877514 e-con-full e-flex e-con e-child\" data-id=\"2877514\" data-element_type=\"container\" data-e-type=\"container\">\n\t\t\t\t<div class=\"elementor-element elementor-element-a2f2e0e elementor-icon-list--layout-traditional elementor-list-item-link-full_width elementor-widget elementor-widget-icon-list\" data-id=\"a2f2e0e\" data-element_type=\"widget\" data-e-type=\"widget\" data-widget_type=\"icon-list.default\">\n\t\t\t\t<div class=\"elementor-widget-container\">\n\t\t\t\t\t\t\t<ul class=\"elementor-icon-list-items\">\n\t\t\t\t\t\t\t<li class=\"elementor-icon-list-item\">\n\t\t\t\t\t\t\t\t\t\t\t<span class=\"elementor-icon-list-icon\">\n\t\t\t\t\t\t\t<i aria-hidden=\"true\" class=\"icon icon-email\"><\/i>\t\t\t\t\t\t<\/span>\n\t\t\t\t\t\t\t\t\t\t<span class=\"elementor-icon-list-text\">geral@soft-spot.pt<\/span>\n\t\t\t\t\t\t\t\t\t<\/li>\n\t\t\t\t\t\t\t\t<li class=\"elementor-icon-list-item\">\n\t\t\t\t\t\t\t\t\t\t\t<span class=\"elementor-icon-list-icon\">\n\t\t\t\t\t\t\t<i aria-hidden=\"true\" class=\"jki jki-phone-incoming-line\"><\/i>\t\t\t\t\t\t<\/span>\n\t\t\t\t\t\t\t\t\t\t<span class=\"elementor-icon-list-text\">+351 928 490 194<\/span>\n\t\t\t\t\t\t\t\t\t<\/li>\n\t\t\t\t\t\t\t\t<li class=\"elementor-icon-list-item\">\n\t\t\t\t\t\t\t\t\t\t\t<span class=\"elementor-icon-list-icon\">\n\t\t\t\t\t\t\t<svg aria-hidden=\"true\" class=\"e-font-icon-svg e-far-calendar-times\" viewBox=\"0 0 448 512\" xmlns=\"http:\/\/www.w3.org\/2000\/svg\"><path d=\"M311.7 374.7l-17 17c-4.7 4.7-12.3 4.7-17 0L224 337.9l-53.7 53.7c-4.7 4.7-12.3 4.7-17 0l-17-17c-4.7-4.7-4.7-12.3 0-17l53.7-53.7-53.7-53.7c-4.7-4.7-4.7-12.3 0-17l17-17c4.7-4.7 12.3-4.7 17 0l53.7 53.7 53.7-53.7c4.7-4.7 12.3-4.7 17 0l17 17c4.7 4.7 4.7 12.3 0 17L257.9 304l53.7 53.7c4.8 4.7 4.8 12.3.1 17zM448 112v352c0 26.5-21.5 48-48 48H48c-26.5 0-48-21.5-48-48V112c0-26.5 21.5-48 48-48h48V12c0-6.6 5.4-12 12-12h40c6.6 0 12 5.4 12 12v52h128V12c0-6.6 5.4-12 12-12h40c6.6 0 12 5.4 12 12v52h48c26.5 0 48 21.5 48 48zm-48 346V160H48v298c0 3.3 2.7 6 6 6h340c3.3 0 6-2.7 6-6z\"><\/path><\/svg>\t\t\t\t\t\t<\/span>\n\t\t\t\t\t\t\t\t\t\t<span class=\"elementor-icon-list-text\">10:00 - 19:00 (GMT +1)<\/span>\n\t\t\t\t\t\t\t\t\t<\/li>\n\t\t\t\t\t\t<\/ul>\n\t\t\t\t\t\t<\/div>\n\t\t\t\t<\/div>\n\t\t\t\t<div class=\"elementor-element elementor-element-945d9c4 elementor-widget elementor-widget-text-editor\" data-id=\"945d9c4\" data-element_type=\"widget\" data-e-type=\"widget\" data-widget_type=\"text-editor.default\">\n\t\t\t\t<div class=\"elementor-widget-container\">\n\t\t\t\t\t\t\t\t\t<p>A Soft-Spot encontra-se dispon\u00edvel para atendimento de chamadas dentro do seguinte hor\u00e1rio, respondendo ao seu email ou devolvendo a chamada nas pr\u00f3ximas 24 horas.<\/p>\t\t\t\t\t\t\t\t<\/div>\n\t\t\t\t<\/div>\n\t\t\t\t<\/div>\n\t\t\t\t<div class=\"elementor-element elementor-element-42b9c3e elementor-widget__width-initial elementor-button-align-stretch elementor-widget elementor-widget-form\" data-id=\"42b9c3e\" data-element_type=\"widget\" data-e-type=\"widget\" data-settings=\"{&quot;step_next_label&quot;:&quot;Next&quot;,&quot;step_previous_label&quot;:&quot;Anterior&quot;,&quot;button_width&quot;:&quot;100&quot;,&quot;step_type&quot;:&quot;number_text&quot;,&quot;step_icon_shape&quot;:&quot;circle&quot;}\" data-widget_type=\"form.default\">\n\t\t\t\t<div class=\"elementor-widget-container\">\n\t\t\t\t\t\t\t<form class=\"elementor-form\" method=\"post\" name=\"New Form\" aria-label=\"New Form\">\n\t\t\t<input type=\"hidden\" name=\"post_id\" value=\"2775\"\/>\n\t\t\t<input type=\"hidden\" name=\"form_id\" value=\"42b9c3e\"\/>\n\t\t\t<input type=\"hidden\" name=\"referer_title\" value=\"Contactos\" \/>\n\n\t\t\t\t\t\t\t<input type=\"hidden\" name=\"queried_id\" value=\"2775\"\/>\n\t\t\t\n\t\t\t<div class=\"elementor-form-fields-wrapper elementor-labels-above\">\n\t\t\t\t\t\t\t\t<div class=\"elementor-field-type-text elementor-field-group elementor-column elementor-field-group-name elementor-col-50\">\n\t\t\t\t\t\t\t\t\t\t\t\t\t<input size=\"1\" type=\"text\" name=\"form_fields[name]\" id=\"form-field-name\" class=\"elementor-field elementor-size-sm  elementor-field-textual\" placeholder=\"Nome\">\n\t\t\t\t\t\t\t\t\t\t\t<\/div>\n\t\t\t\t\t\t\t\t<div class=\"elementor-field-type-text elementor-field-group elementor-column elementor-field-group-field_7479c05 elementor-col-50 elementor-field-required\">\n\t\t\t\t\t\t\t\t\t\t\t\t\t<input size=\"1\" type=\"text\" name=\"form_fields[field_7479c05]\" id=\"form-field-field_7479c05\" class=\"elementor-field elementor-size-sm  elementor-field-textual\" placeholder=\"Empresa\" required=\"required\">\n\t\t\t\t\t\t\t\t\t\t\t<\/div>\n\t\t\t\t\t\t\t\t<div class=\"elementor-field-type-email elementor-field-group elementor-column elementor-field-group-email elementor-col-50 elementor-field-required\">\n\t\t\t\t\t\t\t\t\t\t\t\t\t<input size=\"1\" type=\"email\" name=\"form_fields[email]\" id=\"form-field-email\" class=\"elementor-field elementor-size-sm  elementor-field-textual\" placeholder=\"Email\" required=\"required\">\n\t\t\t\t\t\t\t\t\t\t\t<\/div>\n\t\t\t\t\t\t\t\t<div class=\"elementor-field-type-email elementor-field-group elementor-column elementor-field-group-field_d1a85f5 elementor-col-50\">\n\t\t\t\t\t\t\t\t\t\t\t\t\t<input size=\"1\" type=\"email\" name=\"form_fields[field_d1a85f5]\" id=\"form-field-field_d1a85f5\" class=\"elementor-field elementor-size-sm  elementor-field-textual\" placeholder=\"Telefone\">\n\t\t\t\t\t\t\t\t\t\t\t<\/div>\n\t\t\t\t\t\t\t\t<div class=\"elementor-field-type-textarea elementor-field-group elementor-column elementor-field-group-message elementor-col-100\">\n\t\t\t\t\t<textarea class=\"elementor-field-textual elementor-field  elementor-size-sm\" name=\"form_fields[message]\" id=\"form-field-message\" rows=\"4\" placeholder=\"No que podemos ajudar?\"><\/textarea>\t\t\t\t<\/div>\n\t\t\t\t\t\t\t\t<div class=\"elementor-field-group elementor-column elementor-field-type-submit elementor-col-100 e-form__buttons\">\n\t\t\t\t\t<button class=\"elementor-button elementor-size-sm elementor-animation-shrink\" type=\"submit\">\n\t\t\t\t\t\t<span class=\"elementor-button-content-wrapper\">\n\t\t\t\t\t\t\t\t\t\t\t\t\t\t\t\t\t\t\t\t\t\t<span class=\"elementor-button-text\">Enviar<\/span>\n\t\t\t\t\t\t\t\t\t\t\t\t\t<\/span>\n\t\t\t\t\t<\/button>\n\t\t\t\t<\/div>\n\t\t\t<\/div>\n\t\t<\/form>\n\t\t\t\t\t\t<\/div>\n\t\t\t\t<\/div>\n\t\t\t\t<\/div>\n\t\t\t\t<\/div>\n\t\t","protected":false},"excerpt":{"rendered":"<p>Fale connosco geral@soft-spot.pt +351 928 490 194 10:00 &#8211; 19:00 (GMT +1) A Soft-Spot encontra-se dispon\u00edvel para atendimento de chamadas dentro do seguinte hor\u00e1rio, respondendo ao seu email ou devolvendo a chamada nas pr\u00f3ximas 24 horas.<\/p>","protected":false},"author":2,"featured_media":0,"parent":0,"menu_order":0,"comment_status":"closed","ping_status":"closed","template":"","meta":{"footnotes":""},"class_list":["post-2775","page","type-page","status-publish","hentry"],"_links":{"self":[{"href":"https:\/\/soft-spot.pt\/en\/wp-json\/wp\/v2\/pages\/2775","targetHints":{"allow":["GET"]}}],"collection":[{"href":"https:\/\/soft-spot.pt\/en\/wp-json\/wp\/v2\/pages"}],"about":[{"href":"https:\/\/soft-spot.pt\/en\/wp-json\/wp\/v2\/types\/page"}],"author":[{"embeddable":true,"href":"https:\/\/soft-spot.pt\/en\/wp-json\/wp\/v2\/users\/2"}],"replies":[{"embeddable":true,"href":"https:\/\/soft-spot.pt\/en\/wp-json\/wp\/v2\/comments?post=2775"}],"version-history":[{"count":45,"href":"https:\/\/soft-spot.pt\/en\/wp-json\/wp\/v2\/pages\/2775\/revisions"}],"predecessor-version":[{"id":2820,"href":"https:\/\/soft-spot.pt\/en\/wp-json\/wp\/v2\/pages\/2775\/revisions\/2820"}],"wp:attachment":[{"href":"https:\/\/soft-spot.pt\/en\/wp-json\/wp\/v2\/media?parent=2775"}],"curies":[{"name":"wp","href":"https:\/\/api.w.org\/{rel}","templated":true}]}}